{"id":88,"date":"2024-07-03T14:50:39","date_gmt":"2024-07-03T14:50:39","guid":{"rendered":"https:\/\/the2loudmidlifeband.de\/?page_id=88"},"modified":"2025-06-10T14:40:21","modified_gmt":"2025-06-10T14:40:21","slug":"impressum","status":"publish","type":"page","link":"https:\/\/the2loudmidlifeband.de\/index.php\/impressum\/","title":{"rendered":"Impressum"},"content":{"rendered":"<p style=\"text-align: center;\"><span style=\"font-family: youareloved; font-size: 36pt; color: #ff0000;\">Impressum<\/span><\/p>\n<p style=\"text-align: center;\"><span style=\"font-family: Verdana, Geneva;\">The 2 Loud Midlife Band<\/span><\/p>\n<p style=\"text-align: center;\"><span style=\"font-family: Verdana, Geneva;\">Ines Fricke<\/span><\/p>\n<p style=\"text-align: center;\"><span style=\"font-family: Verdana, Geneva;\">Bahnhofstr. 3<\/span><\/p>\n<p style=\"text-align: center;\"><span style=\"font-family: Verdana, Geneva;\">29439 L\u00fcchow<\/span><\/p>\n<p>&nbsp;<\/p>\n<p>&nbsp;<\/p>\n<p>&nbsp;<\/p>\n<p>&nbsp;<\/p>\n<p style=\"text-align: center;\"><span style=\"font-family: Verdana, Geneva;\">Unsere Website setzt keine eigenen Cookies.<\/span><\/p>\n<p style=\"text-align: center;\"><span style=\"font-family: Verdana, Geneva;\">Lediglich die Standard-Cookies des Webhosters werden von diesem verwendet. Darauf haben wir jedoch keinen Einfluss.<\/span><\/p>\n<p>&nbsp;<\/p>\n<p>&nbsp;<\/p>\n<p><span style=\"font-family: Verdana, Geneva;\">Mit dem Urteil vom 12. Mai 1998 hat das Landgericht Hamburg entschieden, dass man durch die Anbringung eines Links die Inhalte der gelinkten Seiten ggf. mit zu verantworten hat. Dies kann nur dadurch verhindert werden, dass man sich ausdr\u00fccklich von diesem Inhalt distanziert. F\u00fcr alle Links auf dieser Homepage gilt: Ich distanziere mich hiermit ausdr\u00fccklich von allen Inhalten aller verlinkten Seitenadressen auf meiner Homepage und mache mir diese Inhalte nicht zu eigen.<\/span><\/p>\n<p>&nbsp;<\/p>\n","protected":false},"excerpt":{"rendered":"<p>Impressum The 2 Loud Midlife Band Ines Fricke Bahnhofstr. 3 29439 L\u00fcchow &nbsp; &nbsp; &nbsp; &nbsp; Unsere Website setzt keine eigenen Cookies. Lediglich die Standard-Cookies des Webhosters werden von diesem verwendet. Darauf haben wir jedoch keinen Einfluss. &nbsp; &nbsp; Mit dem Urteil vom 12. Mai 1998 hat das Landgericht Hamburg entschieden, dass man durch die <a href=\"https:\/\/the2loudmidlifeband.de\/index.php\/impressum\/\" class=\"more-link\">&#8230;<span class=\"screen-reader-text\">  Impressum<\/span><\/a><\/p>\n","protected":false},"author":1,"featured_media":0,"parent":0,"menu_order":0,"comment_status":"closed","ping_status":"closed","template":"","meta":{"footnotes":""},"class_list":["post-88","page","type-page","status-publish","hentry"],"yoast_head":"<!-- This site is optimized with the Yoast SEO plugin v23.0 - https:\/\/yoast.com\/wordpress\/plugins\/seo\/ -->\n<title>Impressum - the2loudmidlifeband<\/title>\n<meta name=\"robots\" content=\"index, follow, max-snippet:-1, max-image-preview:large, max-video-preview:-1\" \/>\n<link rel=\"canonical\" href=\"https:\/\/the2loudmidlifeband.de\/index.php\/impressum\/\" \/>\n<meta property=\"og:locale\" content=\"de_DE\" \/>\n<meta property=\"og:type\" content=\"article\" \/>\n<meta property=\"og:title\" content=\"Impressum - the2loudmidlifeband\" \/>\n<meta property=\"og:description\" content=\"Impressum The 2 Loud Midlife Band Ines Fricke Bahnhofstr. 3 29439 L\u00fcchow &nbsp; &nbsp; &nbsp; &nbsp; Unsere Website setzt keine eigenen Cookies. Lediglich die Standard-Cookies des Webhosters werden von diesem verwendet. Darauf haben wir jedoch keinen Einfluss. &nbsp; &nbsp; Mit dem Urteil vom 12. Mai 1998 hat das Landgericht Hamburg entschieden, dass man durch die ... Impressum\" \/>\n<meta property=\"og:url\" content=\"https:\/\/the2loudmidlifeband.de\/index.php\/impressum\/\" \/>\n<meta property=\"og:site_name\" content=\"the2loudmidlifeband\" \/>\n<meta property=\"article:modified_time\" content=\"2025-06-10T14:40:21+00:00\" \/>\n<meta name=\"twitter:card\" content=\"summary_large_image\" \/>\n<meta name=\"twitter:label1\" content=\"Gesch\u00e4tzte Lesezeit\" \/>\n\t<meta name=\"twitter:data1\" content=\"1\u00a0Minute\" \/>\n<script type=\"application\/ld+json\" class=\"yoast-schema-graph\">{\"@context\":\"https:\/\/schema.org\",\"@graph\":[{\"@type\":\"WebPage\",\"@id\":\"https:\/\/the2loudmidlifeband.de\/index.php\/impressum\/\",\"url\":\"https:\/\/the2loudmidlifeband.de\/index.php\/impressum\/\",\"name\":\"Impressum - the2loudmidlifeband\",\"isPartOf\":{\"@id\":\"https:\/\/the2loudmidlifeband.de\/#website\"},\"datePublished\":\"2024-07-03T14:50:39+00:00\",\"dateModified\":\"2025-06-10T14:40:21+00:00\",\"breadcrumb\":{\"@id\":\"https:\/\/the2loudmidlifeband.de\/index.php\/impressum\/#breadcrumb\"},\"inLanguage\":\"de\",\"potentialAction\":[{\"@type\":\"ReadAction\",\"target\":[\"https:\/\/the2loudmidlifeband.de\/index.php\/impressum\/\"]}]},{\"@type\":\"BreadcrumbList\",\"@id\":\"https:\/\/the2loudmidlifeband.de\/index.php\/impressum\/#breadcrumb\",\"itemListElement\":[{\"@type\":\"ListItem\",\"position\":1,\"name\":\"Startseite\",\"item\":\"https:\/\/the2loudmidlifeband.de\/\"},{\"@type\":\"ListItem\",\"position\":2,\"name\":\"Impressum\"}]},{\"@type\":\"WebSite\",\"@id\":\"https:\/\/the2loudmidlifeband.de\/#website\",\"url\":\"https:\/\/the2loudmidlifeband.de\/\",\"name\":\"the2loudmidlifeband\",\"description\":\"\",\"publisher\":{\"@id\":\"https:\/\/the2loudmidlifeband.de\/#organization\"},\"alternateName\":\"It\u00b4s only rock\u00b4n\u00b4roll - but we like it!\",\"potentialAction\":[{\"@type\":\"SearchAction\",\"target\":{\"@type\":\"EntryPoint\",\"urlTemplate\":\"https:\/\/the2loudmidlifeband.de\/?s={search_term_string}\"},\"query-input\":\"required name=search_term_string\"}],\"inLanguage\":\"de\"},{\"@type\":\"Organization\",\"@id\":\"https:\/\/the2loudmidlifeband.de\/#organization\",\"name\":\"The 2 loud midlife Band\",\"url\":\"https:\/\/the2loudmidlifeband.de\/\",\"logo\":{\"@type\":\"ImageObject\",\"inLanguage\":\"de\",\"@id\":\"https:\/\/the2loudmidlifeband.de\/#\/schema\/logo\/image\/\",\"url\":\"https:\/\/the2loudmidlifeband.de\/wp-content\/uploads\/cropped-band-logo-sw.jpg\",\"contentUrl\":\"https:\/\/the2loudmidlifeband.de\/wp-content\/uploads\/cropped-band-logo-sw.jpg\",\"width\":600,\"height\":100,\"caption\":\"The 2 loud midlife Band\"},\"image\":{\"@id\":\"https:\/\/the2loudmidlifeband.de\/#\/schema\/logo\/image\/\"}}]}<\/script>\n<!-- \/ Yoast SEO plugin. -->","yoast_head_json":{"title":"Impressum - the2loudmidlifeband","robots":{"index":"index","follow":"follow","max-snippet":"max-snippet:-1","max-image-preview":"max-image-preview:large","max-video-preview":"max-video-preview:-1"},"canonical":"https:\/\/the2loudmidlifeband.de\/index.php\/impressum\/","og_locale":"de_DE","og_type":"article","og_title":"Impressum - the2loudmidlifeband","og_description":"Impressum The 2 Loud Midlife Band Ines Fricke Bahnhofstr. 3 29439 L\u00fcchow &nbsp; &nbsp; &nbsp; &nbsp; Unsere Website setzt keine eigenen Cookies. Lediglich die Standard-Cookies des Webhosters werden von diesem verwendet. Darauf haben wir jedoch keinen Einfluss. &nbsp; &nbsp; Mit dem Urteil vom 12. Mai 1998 hat das Landgericht Hamburg entschieden, dass man durch die ... Impressum","og_url":"https:\/\/the2loudmidlifeband.de\/index.php\/impressum\/","og_site_name":"the2loudmidlifeband","article_modified_time":"2025-06-10T14:40:21+00:00","twitter_card":"summary_large_image","twitter_misc":{"Gesch\u00e4tzte Lesezeit":"1\u00a0Minute"},"schema":{"@context":"https:\/\/schema.org","@graph":[{"@type":"WebPage","@id":"https:\/\/the2loudmidlifeband.de\/index.php\/impressum\/","url":"https:\/\/the2loudmidlifeband.de\/index.php\/impressum\/","name":"Impressum - the2loudmidlifeband","isPartOf":{"@id":"https:\/\/the2loudmidlifeband.de\/#website"},"datePublished":"2024-07-03T14:50:39+00:00","dateModified":"2025-06-10T14:40:21+00:00","breadcrumb":{"@id":"https:\/\/the2loudmidlifeband.de\/index.php\/impressum\/#breadcrumb"},"inLanguage":"de","potentialAction":[{"@type":"ReadAction","target":["https:\/\/the2loudmidlifeband.de\/index.php\/impressum\/"]}]},{"@type":"BreadcrumbList","@id":"https:\/\/the2loudmidlifeband.de\/index.php\/impressum\/#breadcrumb","itemListElement":[{"@type":"ListItem","position":1,"name":"Startseite","item":"https:\/\/the2loudmidlifeband.de\/"},{"@type":"ListItem","position":2,"name":"Impressum"}]},{"@type":"WebSite","@id":"https:\/\/the2loudmidlifeband.de\/#website","url":"https:\/\/the2loudmidlifeband.de\/","name":"the2loudmidlifeband","description":"","publisher":{"@id":"https:\/\/the2loudmidlifeband.de\/#organization"},"alternateName":"It\u00b4s only rock\u00b4n\u00b4roll - but we like it!","potentialAction":[{"@type":"SearchAction","target":{"@type":"EntryPoint","urlTemplate":"https:\/\/the2loudmidlifeband.de\/?s={search_term_string}"},"query-input":"required name=search_term_string"}],"inLanguage":"de"},{"@type":"Organization","@id":"https:\/\/the2loudmidlifeband.de\/#organization","name":"The 2 loud midlife Band","url":"https:\/\/the2loudmidlifeband.de\/","logo":{"@type":"ImageObject","inLanguage":"de","@id":"https:\/\/the2loudmidlifeband.de\/#\/schema\/logo\/image\/","url":"https:\/\/the2loudmidlifeband.de\/wp-content\/uploads\/cropped-band-logo-sw.jpg","contentUrl":"https:\/\/the2loudmidlifeband.de\/wp-content\/uploads\/cropped-band-logo-sw.jpg","width":600,"height":100,"caption":"The 2 loud midlife Band"},"image":{"@id":"https:\/\/the2loudmidlifeband.de\/#\/schema\/logo\/image\/"}}]}},"_links":{"self":[{"href":"https:\/\/the2loudmidlifeband.de\/index.php\/wp-json\/wp\/v2\/pages\/88","targetHints":{"allow":["GET"]}}],"collection":[{"href":"https:\/\/the2loudmidlifeband.de\/index.php\/wp-json\/wp\/v2\/pages"}],"about":[{"href":"https:\/\/the2loudmidlifeband.de\/index.php\/wp-json\/wp\/v2\/types\/page"}],"author":[{"embeddable":true,"href":"https:\/\/the2loudmidlifeband.de\/index.php\/wp-json\/wp\/v2\/users\/1"}],"replies":[{"embeddable":true,"href":"https:\/\/the2loudmidlifeband.de\/index.php\/wp-json\/wp\/v2\/comments?post=88"}],"version-history":[{"count":16,"href":"https:\/\/the2loudmidlifeband.de\/index.php\/wp-json\/wp\/v2\/pages\/88\/revisions"}],"predecessor-version":[{"id":362,"href":"https:\/\/the2loudmidlifeband.de\/index.php\/wp-json\/wp\/v2\/pages\/88\/revisions\/362"}],"wp:attachment":[{"href":"https:\/\/the2loudmidlifeband.de\/index.php\/wp-json\/wp\/v2\/media?parent=88"}],"curies":[{"name":"wp","href":"https:\/\/api.w.org\/{rel}","templated":true}]}}