{"id":145,"date":"2024-07-21T14:11:05","date_gmt":"2024-07-21T14:11:05","guid":{"rendered":"https:\/\/the2loudmidlifeband.de\/?page_id=145"},"modified":"2025-05-27T07:24:33","modified_gmt":"2025-05-27T07:24:33","slug":"the-2-loud-midlife-band","status":"publish","type":"page","link":"https:\/\/the2loudmidlifeband.de\/index.php\/the-2-loud-midlife-band\/","title":{"rendered":"The 2 Loud Midlife Band"},"content":{"rendered":"<p data-start=\"103\" data-end=\"464\"><img loading=\"lazy\" decoding=\"async\" class=\"alignnone wp-image-335\" src=\"https:\/\/the2loudmidlifeband.de\/wp-content\/uploads\/WhatsApp-Bild-2025-05-24-um-10.20.27_bc975b72-225x300.jpg\" alt=\"\" width=\"287\" height=\"382\" srcset=\"https:\/\/the2loudmidlifeband.de\/wp-content\/uploads\/WhatsApp-Bild-2025-05-24-um-10.20.27_bc975b72-225x300.jpg 225w, https:\/\/the2loudmidlifeband.de\/wp-content\/uploads\/WhatsApp-Bild-2025-05-24-um-10.20.27_bc975b72-768x1024.jpg 768w, https:\/\/the2loudmidlifeband.de\/wp-content\/uploads\/WhatsApp-Bild-2025-05-24-um-10.20.27_bc975b72.jpg 1200w\" sizes=\"auto, (max-width: 287px) 100vw, 287px\" \/><img loading=\"lazy\" decoding=\"async\" class=\"wp-image-278 alignright\" src=\"https:\/\/the2loudmidlifeband.de\/wp-content\/uploads\/WhatsApp-Bild-2025-03-03-um-07.00.32_bcda141d-300x300.jpg\" alt=\"\" width=\"343\" height=\"343\" srcset=\"https:\/\/the2loudmidlifeband.de\/wp-content\/uploads\/WhatsApp-Bild-2025-03-03-um-07.00.32_bcda141d-300x300.jpg 300w, https:\/\/the2loudmidlifeband.de\/wp-content\/uploads\/WhatsApp-Bild-2025-03-03-um-07.00.32_bcda141d-150x150.jpg 150w, https:\/\/the2loudmidlifeband.de\/wp-content\/uploads\/WhatsApp-Bild-2025-03-03-um-07.00.32_bcda141d.jpg 640w\" sizes=\"auto, (max-width: 343px) 100vw, 343px\" \/><\/p>\n<p data-start=\"103\" data-end=\"464\"><span style=\"font-family: Verdana, Geneva; font-size: 14pt;\"><span style=\"font-family: youareloved; font-size: 18pt;\">The <span style=\"color: #ff0000;\">2<\/span> Loud Midlife Band\u00a0<\/span>\u2013\u00a0<span style=\"color: #ff0000;\">Die leidenschaftliche Rock-Coverband aus L\u00fcchow-Dannenberg entfacht in euch die Erinnerungen an die goldene \u00c4ra des\u00a0<strong data-start=\"244\" data-end=\"274\">Sex, Drugs &amp; Rock \u2019n\u2019 Roll<\/strong>. Mit den gr\u00f6\u00dften Rock-Hymnen der letzten 50 Jahre lassen wir unvergessliche Partys, durchtanzte N\u00e4chte, den ersten Kuss und den ersten Kater nach einer durchzechten Nacht wieder aufleben.<\/span><\/span><\/p>\n<p data-start=\"466\" data-end=\"655\"><span style=\"font-family: Verdana, Geneva; font-size: 14pt; color: #ff0000;\">Jeder Song groovt, rei\u00dft euch mit und bringt die Menge zum Beben \u2013 ob auf dem Stadtfest, der Clubb\u00fchne, der privaten Party oder Open Air.\u00a0<strong data-start=\"604\" data-end=\"653\">Drinnen oder drau\u00dfen \u2013 wir lassen es krachen!<\/strong><\/span><\/p>\n<p data-start=\"466\" data-end=\"655\"><a href=\"https:\/\/the2loudmidlifeband.de\/index.php\/ines-fricke-vacals\/\"><img loading=\"lazy\" decoding=\"async\" class=\"wp-image-17 aligncenter\" style=\"text-align: center;\" src=\"http:\/\/the2loudmidlifeband.de\/wp-content\/uploads\/2024\/06\/Ines_f_s-202x300.jpg\" alt=\"\" width=\"153\" height=\"227\" srcset=\"https:\/\/the2loudmidlifeband.de\/wp-content\/uploads\/2024\/06\/Ines_f_s-202x300.jpg 202w, https:\/\/the2loudmidlifeband.de\/wp-content\/uploads\/2024\/06\/Ines_f_s.jpg 320w\" sizes=\"auto, (max-width: 153px) 100vw, 153px\" \/><\/a><\/p>\n<p style=\"text-align: center;\" data-start=\"466\" data-end=\"655\"><a style=\"text-align: center;\" href=\"https:\/\/the2loudmidlifeband.de\/index.php\/ines-fricke-vacals\/\"><span style=\"color: #ff0000;\"><span style=\"font-family: Verdana, Geneva; font-size: 14pt;\"><span style=\"font-family: Verdana, Geneva; font-size: 14pt;\">Ines Fricke &#8211;\u00a0<\/span><\/span><span style=\"font-family: Verdana, Geneva; font-size: 14pt;\"><span style=\"font-family: Verdana, Geneva; font-size: 14pt;\">Lead<\/span><span style=\"font-family: Verdana, Geneva; font-size: 14pt;\">\u00a0Vocals<\/span><\/span><\/span><\/a><\/p>\n<p data-start=\"466\" data-end=\"655\"><a href=\"https:\/\/the2loudmidlifeband.de\/index.php\/juergen-sippel-guitar\/\"><img loading=\"lazy\" decoding=\"async\" class=\"wp-image-9 aligncenter\" style=\"text-align: center;\" src=\"http:\/\/the2loudmidlifeband.de\/wp-content\/uploads\/2024\/06\/juergen-s-229x300.jpg\" alt=\"\" width=\"183\" height=\"239\" srcset=\"https:\/\/the2loudmidlifeband.de\/wp-content\/uploads\/2024\/06\/juergen-s-229x300.jpg 229w, https:\/\/the2loudmidlifeband.de\/wp-content\/uploads\/2024\/06\/juergen-s.jpg 362w\" sizes=\"auto, (max-width: 183px) 100vw, 183px\" \/><\/a><\/p>\n<p style=\"text-align: center;\" data-start=\"466\" data-end=\"655\"><span style=\"font-family: Verdana, Geneva; font-size: 14pt;\"><span style=\"font-family: Verdana, Geneva; font-size: 14pt;\">\u00a0<\/span><\/span><a style=\"font-family: inherit; font-size: inherit;\" href=\"https:\/\/the2loudmidlifeband.de\/index.php\/juergen-sippel-guitar\/\"><span style=\"color: #ff0000;\"><span style=\"font-family: Verdana, Geneva; font-size: 18.6667px;\">J\u00fcrgen Sippel &#8211;\u00a0<\/span><span style=\"font-family: Verdana, Geneva; font-size: 18.6667px;\">Guitar \/ Voc.<\/span><\/span><\/a><\/p>\n<p data-start=\"466\" data-end=\"655\"><a style=\"text-align: center;\" href=\"https:\/\/the2loudmidlifeband.de\/index.php\/marek-renz-guitar\/\"><span style=\"font-family: Verdana, Geneva; font-size: 14pt;\"><strong data-start=\"103\" data-end=\"125\"><span style=\"font-size: 18.6667px; font-weight: 400; text-align: center;\"><img loading=\"lazy\" decoding=\"async\" class=\"wp-image-208 aligncenter\" style=\"font-family: Georgia, 'Times New Roman', 'Bitstream Charter', Times, serif; font-size: 16px;\" src=\"https:\/\/the2loudmidlifeband.de\/wp-content\/uploads\/WhatsApp-Bild-2025-02-28-um-19.00.23_a07f1b41-143x300.jpg\" alt=\"\" width=\"109\" height=\"229\" srcset=\"https:\/\/the2loudmidlifeband.de\/wp-content\/uploads\/WhatsApp-Bild-2025-02-28-um-19.00.23_a07f1b41-143x300.jpg 143w, https:\/\/the2loudmidlifeband.de\/wp-content\/uploads\/WhatsApp-Bild-2025-02-28-um-19.00.23_a07f1b41.jpg 359w\" sizes=\"auto, (max-width: 109px) 100vw, 109px\" \/><\/span><\/strong><\/span><\/a><\/p>\n<p style=\"text-align: center;\" data-start=\"466\" data-end=\"655\"><strong style=\"font-family: Verdana, Geneva; font-size: 18.6667px; text-align: center;\" data-start=\"103\" data-end=\"125\"><span style=\"font-size: 18.6667px; font-weight: 400; text-align: center;\"><a style=\"font-family: Georgia, 'Times New Roman', 'Bitstream Charter', Times, serif; font-size: 16px;\" href=\"https:\/\/the2loudmidlifeband.de\/index.php\/marek-renz-guitar\/\"><span style=\"color: #ff0000;\"><span style=\"font-family: Verdana, Geneva; font-size: 18.6667px;\">Marek Renz &#8211;\u00a0<\/span><span style=\"font-family: Verdana, Geneva; font-size: 18.6667px;\">Guitar \/ Voc.<\/span><\/span><\/a><\/span><\/strong><\/p>\n<p data-start=\"466\" data-end=\"655\"><a href=\"https:\/\/the2loudmidlifeband.de\/index.php\/dirk-kuenzel-bass\/\"><span style=\"font-family: Verdana, Geneva; font-size: 14pt;\"><strong data-start=\"103\" data-end=\"125\"><img loading=\"lazy\" decoding=\"async\" class=\" wp-image-19 aligncenter\" style=\"font-family: Georgia, 'Times New Roman', 'Bitstream Charter', Times, serif; font-size: 16px; font-weight: 400; text-align: center;\" src=\"http:\/\/the2loudmidlifeband.de\/wp-content\/uploads\/2024\/06\/dirk_k_s-202x300.jpeg\" alt=\"\" width=\"159\" height=\"236\" srcset=\"https:\/\/the2loudmidlifeband.de\/wp-content\/uploads\/2024\/06\/dirk_k_s-202x300.jpeg 202w, https:\/\/the2loudmidlifeband.de\/wp-content\/uploads\/2024\/06\/dirk_k_s.jpeg 320w\" sizes=\"auto, (max-width: 159px) 100vw, 159px\" \/><\/strong><\/span><\/a><\/p>\n<p style=\"text-align: center;\" data-start=\"466\" data-end=\"655\"><a style=\"text-align: center;\" href=\"https:\/\/the2loudmidlifeband.de\/index.php\/dirk-kuenzel-bass\/\"><span style=\"color: #ff0000;\"><span style=\"font-family: Verdana, Geneva; font-size: 14pt;\"><span style=\"font-size: 18.6667px; font-weight: 400; text-align: center;\">Dirk<\/span><strong data-start=\"103\" data-end=\"125\"><span style=\"font-size: 18.6667px; font-weight: 400; text-align: center;\">\u00a0K\u00fcnzel &#8211;\u00a0<\/span><\/strong><\/span><span style=\"font-family: Verdana, Geneva; font-size: 14pt;\"><strong data-start=\"103\" data-end=\"125\"><span style=\"font-size: 18.6667px; font-weight: 400; text-align: center;\">Drums<\/span><\/strong><\/span><\/span><\/a><\/p>\n<p data-start=\"466\" data-end=\"655\"><a href=\"https:\/\/the2loudmidlifeband.de\/index.php\/dirk-fritsche\/\"><img loading=\"lazy\" decoding=\"async\" class=\"wp-image-21 aligncenter\" style=\"font-family: inherit; font-size: inherit; text-align: center;\" src=\"http:\/\/the2loudmidlifeband.de\/wp-content\/uploads\/2024\/06\/dirk_f_s-199x300.jpg\" alt=\"\" width=\"178\" height=\"268\" srcset=\"https:\/\/the2loudmidlifeband.de\/wp-content\/uploads\/2024\/06\/dirk_f_s-199x300.jpg 199w, https:\/\/the2loudmidlifeband.de\/wp-content\/uploads\/2024\/06\/dirk_f_s.jpg 299w\" sizes=\"auto, (max-width: 178px) 100vw, 178px\" \/><\/a><\/p>\n<p style=\"text-align: center;\" data-start=\"466\" data-end=\"655\"><a style=\"text-align: center;\" href=\"https:\/\/the2loudmidlifeband.de\/index.php\/dirk-fritsche\/\"><span style=\"color: #ff0000;\"><span style=\"font-family: Verdana, Geneva; font-size: 18.6667px;\">Dirk Fritsche &#8211;\u00a0<\/span><span style=\"font-family: Verdana, Geneva; font-size: 18.6667px;\">Bass<\/span><\/span><\/a><\/p>\n<p data-start=\"466\" data-end=\"655\">\n","protected":false},"excerpt":{"rendered":"<p>The 2 Loud Midlife Band\u00a0\u2013\u00a0Die leidenschaftliche Rock-Coverband aus L\u00fcchow-Dannenberg entfacht in euch die Erinnerungen an die goldene \u00c4ra des\u00a0Sex, Drugs &amp; Rock \u2019n\u2019 Roll. Mit den gr\u00f6\u00dften Rock-Hymnen der letzten 50 Jahre lassen wir unvergessliche Partys, durchtanzte N\u00e4chte, den ersten Kuss und den ersten Kater nach einer durchzechten Nacht wieder aufleben. Jeder Song groovt, rei\u00dft <a href=\"https:\/\/the2loudmidlifeband.de\/index.php\/the-2-loud-midlife-band\/\" class=\"more-link\">&#8230;<span class=\"screen-reader-text\">  The 2 Loud Midlife Band<\/span><\/a><\/p>\n","protected":false},"author":1,"featured_media":0,"parent":0,"menu_order":0,"comment_status":"closed","ping_status":"closed","template":"","meta":{"footnotes":""},"class_list":["post-145","page","type-page","status-publish","hentry"],"yoast_head":"<!-- This site is optimized with the Yoast SEO plugin v23.0 - https:\/\/yoast.com\/wordpress\/plugins\/seo\/ -->\n<title>The 2 Loud Midlife Band - the2loudmidlifeband<\/title>\n<meta name=\"robots\" content=\"index, follow, max-snippet:-1, max-image-preview:large, max-video-preview:-1\" \/>\n<link rel=\"canonical\" href=\"https:\/\/the2loudmidlifeband.de\/index.php\/the-2-loud-midlife-band\/\" \/>\n<meta property=\"og:locale\" content=\"de_DE\" \/>\n<meta property=\"og:type\" content=\"article\" \/>\n<meta property=\"og:title\" content=\"The 2 Loud Midlife Band - the2loudmidlifeband\" \/>\n<meta property=\"og:description\" content=\"The 2 Loud Midlife Band\u00a0\u2013\u00a0Die leidenschaftliche Rock-Coverband aus L\u00fcchow-Dannenberg entfacht in euch die Erinnerungen an die goldene \u00c4ra des\u00a0Sex, Drugs &amp; Rock \u2019n\u2019 Roll. Mit den gr\u00f6\u00dften Rock-Hymnen der letzten 50 Jahre lassen wir unvergessliche Partys, durchtanzte N\u00e4chte, den ersten Kuss und den ersten Kater nach einer durchzechten Nacht wieder aufleben. Jeder Song groovt, rei\u00dft ... The 2 Loud Midlife Band\" \/>\n<meta property=\"og:url\" content=\"https:\/\/the2loudmidlifeband.de\/index.php\/the-2-loud-midlife-band\/\" \/>\n<meta property=\"og:site_name\" content=\"the2loudmidlifeband\" \/>\n<meta property=\"article:modified_time\" content=\"2025-05-27T07:24:33+00:00\" \/>\n<meta property=\"og:image\" content=\"https:\/\/the2loudmidlifeband.de\/wp-content\/uploads\/WhatsApp-Bild-2025-05-24-um-10.20.27_bc975b72-225x300.jpg\" \/>\n<meta name=\"twitter:card\" content=\"summary_large_image\" \/>\n<meta name=\"twitter:label1\" content=\"Gesch\u00e4tzte Lesezeit\" \/>\n\t<meta name=\"twitter:data1\" content=\"2\u00a0Minuten\" \/>\n<script type=\"application\/ld+json\" class=\"yoast-schema-graph\">{\"@context\":\"https:\/\/schema.org\",\"@graph\":[{\"@type\":\"WebPage\",\"@id\":\"https:\/\/the2loudmidlifeband.de\/index.php\/the-2-loud-midlife-band\/\",\"url\":\"https:\/\/the2loudmidlifeband.de\/index.php\/the-2-loud-midlife-band\/\",\"name\":\"The 2 Loud Midlife Band - the2loudmidlifeband\",\"isPartOf\":{\"@id\":\"https:\/\/the2loudmidlifeband.de\/#website\"},\"primaryImageOfPage\":{\"@id\":\"https:\/\/the2loudmidlifeband.de\/index.php\/the-2-loud-midlife-band\/#primaryimage\"},\"image\":{\"@id\":\"https:\/\/the2loudmidlifeband.de\/index.php\/the-2-loud-midlife-band\/#primaryimage\"},\"thumbnailUrl\":\"https:\/\/the2loudmidlifeband.de\/wp-content\/uploads\/WhatsApp-Bild-2025-05-24-um-10.20.27_bc975b72-225x300.jpg\",\"datePublished\":\"2024-07-21T14:11:05+00:00\",\"dateModified\":\"2025-05-27T07:24:33+00:00\",\"breadcrumb\":{\"@id\":\"https:\/\/the2loudmidlifeband.de\/index.php\/the-2-loud-midlife-band\/#breadcrumb\"},\"inLanguage\":\"de\",\"potentialAction\":[{\"@type\":\"ReadAction\",\"target\":[\"https:\/\/the2loudmidlifeband.de\/index.php\/the-2-loud-midlife-band\/\"]}]},{\"@type\":\"ImageObject\",\"inLanguage\":\"de\",\"@id\":\"https:\/\/the2loudmidlifeband.de\/index.php\/the-2-loud-midlife-band\/#primaryimage\",\"url\":\"https:\/\/the2loudmidlifeband.de\/wp-content\/uploads\/WhatsApp-Bild-2025-05-24-um-10.20.27_bc975b72.jpg\",\"contentUrl\":\"https:\/\/the2loudmidlifeband.de\/wp-content\/uploads\/WhatsApp-Bild-2025-05-24-um-10.20.27_bc975b72.jpg\",\"width\":1200,\"height\":1600},{\"@type\":\"BreadcrumbList\",\"@id\":\"https:\/\/the2loudmidlifeband.de\/index.php\/the-2-loud-midlife-band\/#breadcrumb\",\"itemListElement\":[{\"@type\":\"ListItem\",\"position\":1,\"name\":\"Startseite\",\"item\":\"https:\/\/the2loudmidlifeband.de\/\"},{\"@type\":\"ListItem\",\"position\":2,\"name\":\"The 2 Loud Midlife Band\"}]},{\"@type\":\"WebSite\",\"@id\":\"https:\/\/the2loudmidlifeband.de\/#website\",\"url\":\"https:\/\/the2loudmidlifeband.de\/\",\"name\":\"the2loudmidlifeband\",\"description\":\"\",\"publisher\":{\"@id\":\"https:\/\/the2loudmidlifeband.de\/#organization\"},\"alternateName\":\"It\u00b4s only rock\u00b4n\u00b4roll - but we like it!\",\"potentialAction\":[{\"@type\":\"SearchAction\",\"target\":{\"@type\":\"EntryPoint\",\"urlTemplate\":\"https:\/\/the2loudmidlifeband.de\/?s={search_term_string}\"},\"query-input\":\"required name=search_term_string\"}],\"inLanguage\":\"de\"},{\"@type\":\"Organization\",\"@id\":\"https:\/\/the2loudmidlifeband.de\/#organization\",\"name\":\"The 2 loud midlife Band\",\"url\":\"https:\/\/the2loudmidlifeband.de\/\",\"logo\":{\"@type\":\"ImageObject\",\"inLanguage\":\"de\",\"@id\":\"https:\/\/the2loudmidlifeband.de\/#\/schema\/logo\/image\/\",\"url\":\"https:\/\/the2loudmidlifeband.de\/wp-content\/uploads\/cropped-band-logo-sw.jpg\",\"contentUrl\":\"https:\/\/the2loudmidlifeband.de\/wp-content\/uploads\/cropped-band-logo-sw.jpg\",\"width\":600,\"height\":100,\"caption\":\"The 2 loud midlife Band\"},\"image\":{\"@id\":\"https:\/\/the2loudmidlifeband.de\/#\/schema\/logo\/image\/\"}}]}<\/script>\n<!-- \/ Yoast SEO plugin. -->","yoast_head_json":{"title":"The 2 Loud Midlife Band - the2loudmidlifeband","robots":{"index":"index","follow":"follow","max-snippet":"max-snippet:-1","max-image-preview":"max-image-preview:large","max-video-preview":"max-video-preview:-1"},"canonical":"https:\/\/the2loudmidlifeband.de\/index.php\/the-2-loud-midlife-band\/","og_locale":"de_DE","og_type":"article","og_title":"The 2 Loud Midlife Band - the2loudmidlifeband","og_description":"The 2 Loud Midlife Band\u00a0\u2013\u00a0Die leidenschaftliche Rock-Coverband aus L\u00fcchow-Dannenberg entfacht in euch die Erinnerungen an die goldene \u00c4ra des\u00a0Sex, Drugs &amp; Rock \u2019n\u2019 Roll. Mit den gr\u00f6\u00dften Rock-Hymnen der letzten 50 Jahre lassen wir unvergessliche Partys, durchtanzte N\u00e4chte, den ersten Kuss und den ersten Kater nach einer durchzechten Nacht wieder aufleben. Jeder Song groovt, rei\u00dft ... The 2 Loud Midlife Band","og_url":"https:\/\/the2loudmidlifeband.de\/index.php\/the-2-loud-midlife-band\/","og_site_name":"the2loudmidlifeband","article_modified_time":"2025-05-27T07:24:33+00:00","og_image":[{"url":"https:\/\/the2loudmidlifeband.de\/wp-content\/uploads\/WhatsApp-Bild-2025-05-24-um-10.20.27_bc975b72-225x300.jpg"}],"twitter_card":"summary_large_image","twitter_misc":{"Gesch\u00e4tzte Lesezeit":"2\u00a0Minuten"},"schema":{"@context":"https:\/\/schema.org","@graph":[{"@type":"WebPage","@id":"https:\/\/the2loudmidlifeband.de\/index.php\/the-2-loud-midlife-band\/","url":"https:\/\/the2loudmidlifeband.de\/index.php\/the-2-loud-midlife-band\/","name":"The 2 Loud Midlife Band - the2loudmidlifeband","isPartOf":{"@id":"https:\/\/the2loudmidlifeband.de\/#website"},"primaryImageOfPage":{"@id":"https:\/\/the2loudmidlifeband.de\/index.php\/the-2-loud-midlife-band\/#primaryimage"},"image":{"@id":"https:\/\/the2loudmidlifeband.de\/index.php\/the-2-loud-midlife-band\/#primaryimage"},"thumbnailUrl":"https:\/\/the2loudmidlifeband.de\/wp-content\/uploads\/WhatsApp-Bild-2025-05-24-um-10.20.27_bc975b72-225x300.jpg","datePublished":"2024-07-21T14:11:05+00:00","dateModified":"2025-05-27T07:24:33+00:00","breadcrumb":{"@id":"https:\/\/the2loudmidlifeband.de\/index.php\/the-2-loud-midlife-band\/#breadcrumb"},"inLanguage":"de","potentialAction":[{"@type":"ReadAction","target":["https:\/\/the2loudmidlifeband.de\/index.php\/the-2-loud-midlife-band\/"]}]},{"@type":"ImageObject","inLanguage":"de","@id":"https:\/\/the2loudmidlifeband.de\/index.php\/the-2-loud-midlife-band\/#primaryimage","url":"https:\/\/the2loudmidlifeband.de\/wp-content\/uploads\/WhatsApp-Bild-2025-05-24-um-10.20.27_bc975b72.jpg","contentUrl":"https:\/\/the2loudmidlifeband.de\/wp-content\/uploads\/WhatsApp-Bild-2025-05-24-um-10.20.27_bc975b72.jpg","width":1200,"height":1600},{"@type":"BreadcrumbList","@id":"https:\/\/the2loudmidlifeband.de\/index.php\/the-2-loud-midlife-band\/#breadcrumb","itemListElement":[{"@type":"ListItem","position":1,"name":"Startseite","item":"https:\/\/the2loudmidlifeband.de\/"},{"@type":"ListItem","position":2,"name":"The 2 Loud Midlife Band"}]},{"@type":"WebSite","@id":"https:\/\/the2loudmidlifeband.de\/#website","url":"https:\/\/the2loudmidlifeband.de\/","name":"the2loudmidlifeband","description":"","publisher":{"@id":"https:\/\/the2loudmidlifeband.de\/#organization"},"alternateName":"It\u00b4s only rock\u00b4n\u00b4roll - but we like it!","potentialAction":[{"@type":"SearchAction","target":{"@type":"EntryPoint","urlTemplate":"https:\/\/the2loudmidlifeband.de\/?s={search_term_string}"},"query-input":"required name=search_term_string"}],"inLanguage":"de"},{"@type":"Organization","@id":"https:\/\/the2loudmidlifeband.de\/#organization","name":"The 2 loud midlife Band","url":"https:\/\/the2loudmidlifeband.de\/","logo":{"@type":"ImageObject","inLanguage":"de","@id":"https:\/\/the2loudmidlifeband.de\/#\/schema\/logo\/image\/","url":"https:\/\/the2loudmidlifeband.de\/wp-content\/uploads\/cropped-band-logo-sw.jpg","contentUrl":"https:\/\/the2loudmidlifeband.de\/wp-content\/uploads\/cropped-band-logo-sw.jpg","width":600,"height":100,"caption":"The 2 loud midlife Band"},"image":{"@id":"https:\/\/the2loudmidlifeband.de\/#\/schema\/logo\/image\/"}}]}},"_links":{"self":[{"href":"https:\/\/the2loudmidlifeband.de\/index.php\/wp-json\/wp\/v2\/pages\/145","targetHints":{"allow":["GET"]}}],"collection":[{"href":"https:\/\/the2loudmidlifeband.de\/index.php\/wp-json\/wp\/v2\/pages"}],"about":[{"href":"https:\/\/the2loudmidlifeband.de\/index.php\/wp-json\/wp\/v2\/types\/page"}],"author":[{"embeddable":true,"href":"https:\/\/the2loudmidlifeband.de\/index.php\/wp-json\/wp\/v2\/users\/1"}],"replies":[{"embeddable":true,"href":"https:\/\/the2loudmidlifeband.de\/index.php\/wp-json\/wp\/v2\/comments?post=145"}],"version-history":[{"count":50,"href":"https:\/\/the2loudmidlifeband.de\/index.php\/wp-json\/wp\/v2\/pages\/145\/revisions"}],"predecessor-version":[{"id":355,"href":"https:\/\/the2loudmidlifeband.de\/index.php\/wp-json\/wp\/v2\/pages\/145\/revisions\/355"}],"wp:attachment":[{"href":"https:\/\/the2loudmidlifeband.de\/index.php\/wp-json\/wp\/v2\/media?parent=145"}],"curies":[{"name":"wp","href":"https:\/\/api.w.org\/{rel}","templated":true}]}}